{"id":10,"date":"2024-08-21T22:22:59","date_gmt":"2024-08-21T22:22:59","guid":{"rendered":"https:\/\/flexagaleria.com\/sobre\/"},"modified":"2026-03-02T20:43:46","modified_gmt":"2026-03-02T20:43:46","slug":"sobre","status":"publish","type":"page","link":"https:\/\/flexagaleria.com\/en\/sobre\/","title":{"rendered":"About"},"content":{"rendered":"<p>Founded in 2024, Flexa is located in Rio de Janeiro.  Operating in the secondary market while simultaneously maintaining an interface with the primary market, the gallery aims to bridge renowned and emerging names in the art world.<\/p>\n\n\n\n<p>Engaging with key agents and institutions in contemporary debates, Flexa sees the alliance between artistic and commercial direction as the foundation for an innovative space for art circulation. Its collection spans a broad temporal arc and diverse geographic regions, aspects reflected in a carefully curated program that values a plurality of approaches.<\/p>","protected":false},"excerpt":{"rendered":"<p>Fundada em 2024, a Flexa est\u00e1 localizada no Rio de Janeiro. Sua atua\u00e7\u00e3o se d\u00e1 no mercado secund\u00e1rio, preservando simultaneamente uma interface com o prim\u00e1rio, de modo a entrecruzar nomes consagrados e emergentes da produ\u00e7\u00e3o art\u00edstica. Em di\u00e1logo com agentes e institui\u00e7\u00f5es relevantes para os debates contempor\u00e2neos, a Flexa v\u00ea na alian\u00e7a entre dire\u00e7\u00e3o art\u00edstica [&hellip;]<\/p>","protected":false},"author":1,"featured_media":466,"parent":0,"menu_order":0,"comment_status":"closed","ping_status":"closed","template":"page-sobre.php","meta":{"_acf_changed":false,"footnotes":""},"class_list":["post-10","page","type-page","status-publish","has-post-thumbnail","hentry"],"acf":[],"aioseo_notices":[],"_links":{"self":[{"href":"https:\/\/flexagaleria.com\/en\/wp-json\/wp\/v2\/pages\/10","targetHints":{"allow":["GET"]}}],"collection":[{"href":"https:\/\/flexagaleria.com\/en\/wp-json\/wp\/v2\/pages"}],"about":[{"href":"https:\/\/flexagaleria.com\/en\/wp-json\/wp\/v2\/types\/page"}],"author":[{"embeddable":true,"href":"https:\/\/flexagaleria.com\/en\/wp-json\/wp\/v2\/users\/1"}],"replies":[{"embeddable":true,"href":"https:\/\/flexagaleria.com\/en\/wp-json\/wp\/v2\/comments?post=10"}],"version-history":[{"count":52,"href":"https:\/\/flexagaleria.com\/en\/wp-json\/wp\/v2\/pages\/10\/revisions"}],"predecessor-version":[{"id":2431,"href":"https:\/\/flexagaleria.com\/en\/wp-json\/wp\/v2\/pages\/10\/revisions\/2431"}],"wp:featuredmedia":[{"embeddable":true,"href":"https:\/\/flexagaleria.com\/en\/wp-json\/wp\/v2\/media\/466"}],"wp:attachment":[{"href":"https:\/\/flexagaleria.com\/en\/wp-json\/wp\/v2\/media?parent=10"}],"curies":[{"name":"wp","href":"https:\/\/api.w.org\/{rel}","templated":true}]}}